{"id":10323,"date":"2025-01-21T15:14:00","date_gmt":"2025-01-21T15:14:00","guid":{"rendered":"https:\/\/egyptknight.com\/?page_id=10323"},"modified":"2025-02-16T10:20:19","modified_gmt":"2025-02-16T10:20:19","slug":"custom-pacakage","status":"publish","type":"page","link":"https:\/\/egyptknight.com\/fr\/custom-pacakage\/","title":{"rendered":"Forfaits touristiques personnalis\u00e9s en \u00c9gypte \u2013 Voyages sur mesure avec Egypt Knight Tours"},"content":{"rendered":"<div data-elementor-type=\"wp-page\" data-elementor-id=\"10323\" class=\"elementor elementor-10323\">\n\t\t\t\t<div class=\"elementor-element elementor-element-0e455c4 e-flex e-con-boxed e-con e-parent\" data-id=\"0e455c4\" data-element_type=\"container\" data-e-type=\"container\" data-settings=\"{&quot;background_background&quot;:&quot;video&quot;,&quot;background_video_link&quot;:&quot;https:\\\/\\\/www.youtube.com\\\/watch?v=5-itlcXI8C8&quot;,&quot;background_video_start&quot;:50,&quot;background_video_end&quot;:350,&quot;background_play_on_mobile&quot;:&quot;yes&quot;}\">\n\t\t\t\t\t<div class=\"e-con-inner\">\n\t\t<div class=\"elementor-background-video-container\">\n\t\t\t\t\t\t\t<div class=\"elementor-background-video-embed\" role=\"presentation\"><\/div>\n\t\t\t\t\t\t<\/div>\t\t\t<\/div>\n\t\t\t\t<\/div>\n\t\t<div class=\"elementor-element elementor-element-ffb7bf9 e-flex e-con-boxed e-con e-parent\" data-id=\"ffb7bf9\" data-element_type=\"container\" data-e-type=\"container\">\n\t\t\t\t\t<div class=\"e-con-inner\">\n\t\t\t\t<div class=\"elementor-element elementor-element-9b47b3c elementor-widget elementor-widget-heading\" data-id=\"9b47b3c\" data-element_type=\"widget\" data-e-type=\"widget\" data-widget_type=\"heading.default\">\n\t\t\t\t<div class=\"elementor-widget-container\">\n\t\t\t\t\t<h2 class=\"elementor-heading-title elementor-size-default\">Concevez votre aventure parfaite !<\/h2>\t\t\t\t<\/div>\n\t\t\t\t<\/div>\n\t\t\t\t<div class=\"elementor-element elementor-element-b512785 elementor-widget__width-initial elementor-widget elementor-widget-text-editor\" data-id=\"b512785\" data-element_type=\"widget\" data-e-type=\"widget\" data-widget_type=\"text-editor.default\">\n\t\t\t\t<div class=\"elementor-widget-container\">\n\t\t\t\t\t\t\t\t\t<p>R\u00e9pondez \u00e0 quelques questions rapides et nous cr\u00e9erons une exp\u00e9rience de voyage sur mesure, rien que pour vous. Des destinations de r\u00eave aux activit\u00e9s passionnantes, votre voyage id\u00e9al est \u00e0 port\u00e9e de clic !<\/p>\t\t\t\t\t\t\t\t<\/div>\n\t\t\t\t<\/div>\n\t\t\t\t\t<\/div>\n\t\t\t\t<\/div>\n\t\t<div class=\"elementor-element elementor-element-549ddfc e-flex e-con-boxed e-con e-parent\" data-id=\"549ddfc\" data-element_type=\"container\" data-e-type=\"container\">\n\t\t\t\t\t<div class=\"e-con-inner\">\n\t\t\t\t<div class=\"elementor-element elementor-element-63abd34 elementor-widget elementor-widget-shortcode\" data-id=\"63abd34\" data-element_type=\"widget\" data-e-type=\"widget\" data-widget_type=\"shortcode.default\">\n\t\t\t\t<div class=\"elementor-widget-container\">\n\t\t\t\t\t\t\t<div class=\"elementor-shortcode\"><div class=\"forminator-ui forminator-custom-form forminator-custom-form-10327 forminator-design--flat  forminator_ajax\" data-forminator-render=\"0\" data-form=\"forminator-module-10327\" data-uid=\"69ec989e1a109\"><br\/><\/div><form\n\t\t\t\tid=\"forminator-module-10327\"\n\t\t\t\tclass=\"forminator-ui forminator-custom-form forminator-custom-form-10327 forminator-design--flat  forminator_ajax\"\n\t\t\t\tmethod=\"post\"\n\t\t\t\tdata-forminator-render=\"0\"\n\t\t\t\tdata-form-id=\"10327\"\n\t\t\t\t data-color-option=\"default\" data-design=\"flat\" data-grid=\"open\" style=\"display: none;\"\n\t\t\t\tdata-uid=\"69ec989e1a109\" action=\"\"\n\t\t\t><div role=\"alert\" aria-live=\"polite\" class=\"forminator-response-message forminator-error\" aria-hidden=\"true\"><\/div><div\n\t\t\t\ttabindex=\"-1\"\n\t\t\t\trole=\"tabpanel\"\n\t\t\t\tid=\"forminator-custom-form-10327--page-0\"\n\t\t\t\tclass=\"forminator-pagination forminator-pagination-start\"\n\t\t\t\taria-labelledby=\"forminator-custom-form-10327--page-0-label\"\n\t\t\t\tdata-step=\"0\"\n\t\t\t\tdata-label=\"Termin\u00e9\"\n\t\t\t\tdata-actual-label=\"Page 1\"\n\t\t\t\tdata-name=\"page-break-1\"\n\t\t\t><div class=\"forminator-pagination--content\"><div class=\"forminator-row\"><div id=\"select-1\" class=\"forminator-field-select forminator-col forminator-col-12\"><div class=\"forminator-field\"><label for=\"forminator-form-10327__field--select-1_69ec989e1a109\" id=\"forminator-form-10327__field--select-1_69ec989e1a109-label\" class=\"forminator-label\">O\u00f9 souhaites-tu aller ? <span class=\"forminator-required\">*<\/span><\/label><select  id=\"forminator-form-10327__field--select-1_69ec989e1a109\" class=\"forminator-select--field forminator-select2 forminator-select2-multiple\" data-required=\"1\" name=\"select-1\" data-default-value=\"\" data-hidden-behavior=\"zero\" data-placeholder=\"Destination\" data-search=\"false\" data-search-placeholder=\"Destination\" data-checkbox=\"false\" data-allow-clear=\"false\" aria-labelledby=\"forminator-form-10327__field--select-1_69ec989e1a109-label\"><option value=\"\"  >Destination<\/option><option value=\"one\"  data-calculation=\"0\">Egypte<\/option><option value=\"two\"  data-calculation=\"0\">Qatar<\/option><option value=\"Dubai\"  data-calculation=\"0\">Duba\u00ef<\/option><option value=\"Morroco\"  data-calculation=\"0\">Maroc<\/option><\/select><\/div><\/div><\/div><div class=\"forminator-row\"><div id=\"text-1\" class=\"forminator-field-text forminator-col forminator-col-12\"><div class=\"forminator-field\"><label for=\"forminator-field-text-1_69ec989e1a109\" id=\"forminator-field-text-1_69ec989e1a109-label\" class=\"forminator-label\">O\u00f9  habites-tu? <span class=\"forminator-required\">*<\/span><\/label><input type=\"text\" name=\"text-1\" value=\"\" placeholder=\"Lieu d&#039;origine\" id=\"forminator-field-text-1_69ec989e1a109\" class=\"forminator-input forminator-name--field\" data-required=\"1\" \/><\/div><\/div><\/div><div class=\"forminator-row\"><div id=\"radio-1\" class=\"forminator-field-radio forminator-col forminator-col-12\"><div role=\"radiogroup\" class=\"forminator-field\" aria-labelledby=\"forminator-radiogroup-radio-1-69ec989e1a109-label\"><span id=\"forminator-radiogroup-radio-1-69ec989e1a109-label\" class=\"forminator-label\">Avez-vous besoin de billets d&#039;avion ?<\/span><label id=\"forminator-field-radio-1-label-1\" for=\"forminator-field-radio-1-1-69ec989e1a109\" class=\"forminator-radio\" title=\"Oui, je n&#039;ai pas encore r\u00e9serv\u00e9\"><input type=\"radio\" name=\"radio-1\" value=\"one\" id=\"forminator-field-radio-1-1-69ec989e1a109\" aria-labelledby=\"forminator-field-radio-1-label-1\" data-calculation=\"0\"   data-hidden-behavior=\"zero\"\/><span class=\"forminator-radio-bullet\" aria-hidden=\"true\"><\/span><span class=\"forminator-radio-label\">Oui, je n&#039;ai pas encore r\u00e9serv\u00e9<\/span><\/label><label id=\"forminator-field-radio-1-label-2\" for=\"forminator-field-radio-1-2-69ec989e1a109\" class=\"forminator-radio\" title=\"Non\"><input type=\"radio\" name=\"radio-1\" value=\"two\" id=\"forminator-field-radio-1-2-69ec989e1a109\" aria-labelledby=\"forminator-field-radio-1-label-2\" data-calculation=\"0\"   data-hidden-behavior=\"zero\"\/><span class=\"forminator-radio-bullet\" aria-hidden=\"true\"><\/span><span class=\"forminator-radio-label\">Non<\/span><\/label><\/div><\/div><\/div><div class=\"forminator-row\"><div id=\"date-1\" class=\"forminator-field-date forminator-col forminator-col-12\"><div class=\"forminator-field\"><label for=\"forminator-field-date-1-picker_69ec989e1a109\" id=\"forminator-field-date-1-picker_69ec989e1a109-label\" class=\"forminator-label\">Quand pr\u00e9voyez-vous de voyager ? <span class=\"forminator-required\">*<\/span><\/label><div class=\"forminator-input-with-icon\"><span class=\"forminator-icon-calendar\" aria-hidden=\"true\"><\/span><input autocomplete=\"off\" type=\"text\" size=\"1\" name=\"date-1\" value=\"\" placeholder=\"Choisissez la date\" id=\"forminator-field-date-1-picker_69ec989e1a109\" class=\"forminator-input forminator-datepicker\" data-required=\"1\" data-format=\"dd-mm-yy\" data-restrict-type=\"\" data-restrict=\"\" data-start-year=\"1926\" data-end-year=\"2126\" data-past-dates=\"enable\" data-start-of-week=\"1\" data-start-date=\"\" data-end-date=\"\" data-start-field=\"\" data-end-field=\"\" data-start-offset=\"\" data-end-offset=\"\" data-disable-date=\"\" data-disable-range=\"\" \/><\/div><\/div><\/div><\/div><div class=\"forminator-row\"><div id=\"number-1\" class=\"forminator-field-number forminator-col forminator-col-12\"><div class=\"forminator-field\"><label for=\"forminator-field-number-1_69ec989e1a109\" id=\"forminator-field-number-1_69ec989e1a109-label\" class=\"forminator-label\">Combien de personnes voyagent avec vous ? <span class=\"forminator-required\">*<\/span><\/label><input name=\"number-1\" value=\"\" placeholder=\"Par exemple 2\" id=\"forminator-field-number-1_69ec989e1a109\" class=\"forminator-input forminator-number--field\" inputmode=\"decimal\" data-required=\"1\" data-decimals=\"0\" aria-required=\"true\" data-inputmask=\"&#039;groupSeparator&#039;: &#039;&#039;, &#039;radixPoint&#039;: &#039;&#039;, &#039;digits&#039;: &#039;0&#039;\" data-hidden-behavior=\"zero\" type=\"number\" step=\"any\" min=\"1\" max=\"150\" \/><\/div><\/div><\/div><\/div><\/div><div\n\t\t\t\ttabindex=\"-1\"\n\t\t\t\trole=\"tabpanel\"\n\t\t\t\tid=\"forminator-custom-form-10327--page-1\"\n\t\t\t\tclass=\"forminator-pagination\"\n\t\t\t\taria-labelledby=\"forminator-custom-form-10327--page-1-label\"\n\t\t\t\taria-hidden=\"true\"\n\t\t\t\tdata-step=\"1\"\n\t\t\t\tdata-label=\"Page 1\"\n\t\t\t\tdata-actual-label=\"Page 2\"\n\t\t\t\tdata-name=\"page-break-2\"\n\t\t\t\thidden\n\t\t\t><div class=\"forminator-pagination--content\"><div class=\"forminator-row\"><div id=\"slider-1\" class=\"forminator-field-slider forminator-col forminator-col-12\"><div class=\"forminator-field\"><label for=\"forminator-field-slider-1_69ec989e1a109\" id=\"forminator-field-slider-1_69ec989e1a109-label\" class=\"forminator-label\">Quel est votre budget pour ce voyage ?<\/label><div class=\"forminator-slider forminator-slider-full forminator-slider-size-small\"><input type=\"text\" id=\"forminator-field-slider-1_69ec989e1a109\" class=\"forminator-hidden-input\" style=\"display:none;\"\/><div class=\"forminator-slide forminator-slide-handle-icon\" aria-required=\"false\" data-is-range=\"1\" data-min=\"1000\" data-max=\"10000\" data-step=\"1\" data-value-max=\"10000\" data-value=\"1000\"><\/div><div class=\"forminator-slider-limit\"><\/div><div class=\"forminator-slider-amount forminator-slider-amount-bottom\" data-value-template=\"${slider-value}\"><span class=\"forminator-slider-value-min\"><\/span><input type=\"hidden\" value=\"\" data-hidden-behavior=\"zero\" id=\"forminator-field-slider-1-input-min_69ec989e1a109\" name=\"slider-1-min\" class=\"forminator-slider-hidden-min\" \/><span class=\"forminator-slider-separator\">-<\/span><span class=\"forminator-slider-value-max\"><\/span><input type=\"hidden\" value=\"\" data-hidden-behavior=\"zero\" id=\"forminator-field-slider-1-input-max_69ec989e1a109\" name=\"slider-1-max\" class=\"forminator-slider-hidden-max\" \/><\/div><\/div><\/div><\/div><\/div><div class=\"forminator-row\"><div id=\"select-2\" class=\"forminator-field-select forminator-col forminator-col-12\"><div class=\"forminator-field\"><label for=\"forminator-form-10327__field--select-2_69ec989e1a109\" id=\"forminator-form-10327__field--select-2_69ec989e1a109-label\" class=\"forminator-label\">Quel type de logement pr\u00e9f\u00e9rez-vous ?<\/label><select  id=\"forminator-form-10327__field--select-2_69ec989e1a109\" class=\"forminator-select--field forminator-select2 forminator-select2-multiple\" data-required=\"\" name=\"select-2\" data-default-value=\"\" data-hidden-behavior=\"zero\" data-placeholder=\"Accomdation\" data-search=\"false\" data-search-placeholder=\"Accomdation\" data-checkbox=\"false\" data-allow-clear=\"false\" aria-labelledby=\"forminator-form-10327__field--select-2_69ec989e1a109-label\"><option value=\"\"  >H\u00e9bergement<\/option><option value=\"one\"  data-calculation=\"0\">h\u00f4tels<\/option><option value=\"two\"  data-calculation=\"0\">centres de vill\u00e9giature<\/option><option value=\"apartments\"  data-calculation=\"0\">appartements<\/option><\/select><\/div><\/div><\/div><div class=\"forminator-row\"><div id=\"select-3\" class=\"forminator-field-select forminator-col forminator-col-12\"><div class=\"forminator-field\"><label for=\"forminator-form-10327__field--select-3_69ec989e1a109\" id=\"forminator-form-10327__field--select-3_69ec989e1a109-label\" class=\"forminator-label\">Comment aimeriez-vous vous d\u00e9placer pendant votre voyage ? <span class=\"forminator-required\">*<\/span><\/label><select  id=\"forminator-form-10327__field--select-3_69ec989e1a109\" class=\"forminator-select--field forminator-select2 forminator-select2-multiple\" data-required=\"1\" name=\"select-3\" data-default-value=\"\" data-hidden-behavior=\"zero\" data-placeholder=\"Transportation\" data-search=\"false\" data-search-placeholder=\"Transportation\" data-checkbox=\"false\" data-allow-clear=\"false\" aria-labelledby=\"forminator-form-10327__field--select-3_69ec989e1a109-label\"><option value=\"\"  >Transport<\/option><option value=\"one\"  data-calculation=\"0\">location de voiture<\/option><option value=\"two\"  data-calculation=\"0\">transport en commun<\/option><option value=\"apartments\"  data-calculation=\"0\">Priv\u00e9<\/option><\/select><\/div><\/div><\/div><div class=\"forminator-row\"><div id=\"checkbox-1\" class=\"forminator-field-checkbox forminator-col forminator-col-12\"><div role=\"group\" class=\"forminator-field required\" aria-labelledby=\"forminator-checkbox-group-forminator-field-checkbox-1-69ec989e1a109-label\"><span id=\"forminator-checkbox-group-forminator-field-checkbox-1-69ec989e1a109-label\" class=\"forminator-label\">Quelles activit\u00e9s vous int\u00e9ressent le plus ? <span class=\"forminator-required\">*<\/span><\/span><label id=\"forminator-field-checkbox-1-1-69ec989e1a109-label\" for=\"forminator-field-checkbox-1-1-69ec989e1a109\" class=\"forminator-checkbox\" title=\"touristique\"><input type=\"checkbox\" name=\"checkbox-1[]\" value=\"one\" id=\"forminator-field-checkbox-1-1-69ec989e1a109\" aria-labelledby=\"forminator-field-checkbox-1-1-69ec989e1a109-label\" data-calculation=\"0\"   data-hidden-behavior=\"zero\"\/><span class=\"forminator-checkbox-box\" aria-hidden=\"true\"><\/span><span class=\"forminator-checkbox-label\">touristique<\/span><\/label><label id=\"forminator-field-checkbox-1-2-69ec989e1a109-label\" for=\"forminator-field-checkbox-1-2-69ec989e1a109\" class=\"forminator-checkbox\" title=\"aventure\"><input type=\"checkbox\" name=\"checkbox-1[]\" value=\"two\" id=\"forminator-field-checkbox-1-2-69ec989e1a109\" aria-labelledby=\"forminator-field-checkbox-1-2-69ec989e1a109-label\" data-calculation=\"0\"   data-hidden-behavior=\"zero\"\/><span class=\"forminator-checkbox-box\" aria-hidden=\"true\"><\/span><span class=\"forminator-checkbox-label\">aventure<\/span><\/label><label id=\"forminator-field-checkbox-1-3-69ec989e1a109-label\" for=\"forminator-field-checkbox-1-3-69ec989e1a109\" class=\"forminator-checkbox\" title=\"exp\u00e9riences culturelles\"><input type=\"checkbox\" name=\"checkbox-1[]\" value=\"cultural-experiences\" id=\"forminator-field-checkbox-1-3-69ec989e1a109\" aria-labelledby=\"forminator-field-checkbox-1-3-69ec989e1a109-label\" data-calculation=\"0\"   data-hidden-behavior=\"zero\"\/><span class=\"forminator-checkbox-box\" aria-hidden=\"true\"><\/span><span class=\"forminator-checkbox-label\">exp\u00e9riences culturelles<\/span><\/label><label id=\"forminator-field-checkbox-1-4-69ec989e1a109-label\" for=\"forminator-field-checkbox-1-4-69ec989e1a109\" class=\"forminator-checkbox\" title=\"relaxation\"><input type=\"checkbox\" name=\"checkbox-1[]\" value=\"relaxation\" id=\"forminator-field-checkbox-1-4-69ec989e1a109\" aria-labelledby=\"forminator-field-checkbox-1-4-69ec989e1a109-label\" data-calculation=\"0\"   data-hidden-behavior=\"zero\"\/><span class=\"forminator-checkbox-box\" aria-hidden=\"true\"><\/span><span class=\"forminator-checkbox-label\">relaxation<\/span><\/label><label id=\"forminator-field-checkbox-1-5-69ec989e1a109-label\" for=\"forminator-field-checkbox-1-5-69ec989e1a109\" class=\"forminator-checkbox\" title=\"Autres\"><input type=\"checkbox\" name=\"checkbox-1[]\" value=\"Others\" id=\"forminator-field-checkbox-1-5-69ec989e1a109\" aria-labelledby=\"forminator-field-checkbox-1-5-69ec989e1a109-label\" data-calculation=\"0\"   data-hidden-behavior=\"zero\"\/><span class=\"forminator-checkbox-box\" aria-hidden=\"true\"><\/span><span class=\"forminator-checkbox-label\">Autres<\/span><\/label><\/div><\/div><\/div><div class=\"forminator-row\"><div id=\"textarea-2\" class=\"forminator-field-textarea forminator-col forminator-col-12\"><div class=\"forminator-field\"><label for=\"forminator-field-textarea-2_69ec989e1a109\" id=\"forminator-field-textarea-2_69ec989e1a109-label\" class=\"forminator-label\">Veuillez \u00e9crire toutes les activit\u00e9s qui vous int\u00e9ressent.<\/label><textarea name=\"textarea-2\" placeholder=\"Visites de plage par exemple\" id=\"forminator-field-textarea-2_69ec989e1a109\" class=\"forminator-textarea\" rows=\"6\" style=\"--forminator-textarea-min-height:140px;\" ><\/textarea><\/div><\/div><\/div><div class=\"forminator-row\"><div id=\"textarea-1\" class=\"forminator-field-textarea forminator-col forminator-col-12\"><div class=\"forminator-field\"><label for=\"forminator-field-textarea-1_69ec989e1a109\" id=\"forminator-field-textarea-1_69ec989e1a109-label\" class=\"forminator-label\">Avez-vous des demandes particuli\u00e8res ou des besoins suppl\u00e9mentaires ?<\/label><textarea name=\"textarea-1\" placeholder=\"Toute note que vous souhaitez ajouter\" id=\"forminator-field-textarea-1_69ec989e1a109\" class=\"forminator-textarea\" rows=\"6\" style=\"--forminator-textarea-min-height:140px;\" ><\/textarea><\/div><\/div><\/div><\/div><\/div><div\n\t\t\t\ttabindex=\"-1\"\n\t\t\t\trole=\"tabpanel\"\n\t\t\t\tid=\"forminator-custom-form-10327--page-2\"\n\t\t\t\tclass=\"forminator-pagination\"\n\t\t\t\taria-labelledby=\"forminator-custom-form-10327--page-2-label\"\n\t\t\t\taria-hidden=\"true\"\n\t\t\t\tdata-step=\"2\"\n\t\t\t\tdata-label=\"Page 2\"\n\t\t\t\tdata-actual-label=\"Page 3\"\n\t\t\t\tdata-name=\"\"\n\t\t\t\thidden\n\t\t\t><div class=\"forminator-pagination--content\"><div class=\"forminator-row\"><div id=\"name-1\" class=\"forminator-field-name forminator-col forminator-col-12\"><div class=\"forminator-field\"><label for=\"forminator-field-name-1_69ec989e1a109\" id=\"forminator-field-name-1_69ec989e1a109-label\" class=\"forminator-label\">Comment devrions-nous vous appeler ? <span class=\"forminator-required\">*<\/span><\/label><input type=\"text\" name=\"name-1\" value=\"\" placeholder=\"Par exemple, John Doe\" id=\"forminator-field-name-1_69ec989e1a109\" class=\"forminator-input forminator-name--field\" aria-required=\"true\" autocomplete=\"name\" \/><\/div><\/div><\/div><div class=\"forminator-row\"><div id=\"email-1\" class=\"forminator-field-email forminator-col forminator-col-12\"><div class=\"forminator-field\"><label for=\"forminator-field-email-1_69ec989e1a109\" id=\"forminator-field-email-1_69ec989e1a109-label\" class=\"forminator-label\">Quelle est la meilleure adresse e-mail pour vous joindre ? <span class=\"forminator-required\">*<\/span><\/label><input type=\"email\" name=\"email-1\" value=\"\" placeholder=\"Par exemple john@doe.com\" id=\"forminator-field-email-1_69ec989e1a109\" class=\"forminator-input forminator-email--field\" data-required=\"1\" aria-required=\"true\" autocomplete=\"email\" \/><\/div><\/div><\/div><div class=\"forminator-row\"><div id=\"phone-1\" class=\"forminator-field-phone forminator-col forminator-col-12\"><div class=\"forminator-field\"><label for=\"forminator-field-phone-1_69ec989e1a109\" id=\"forminator-field-phone-1_69ec989e1a109-label\" class=\"forminator-label\">Pouvons-nous avoir votre num\u00e9ro de t\u00e9l\u00e9phone pour confirmer vos projets ? <span class=\"forminator-required\">*<\/span><\/label><input type=\"text\" name=\"phone-1\" value=\"\" placeholder=\"Par exemple +1 300 400 5000\" id=\"forminator-field-phone-1_69ec989e1a109\" class=\"forminator-input forminator-field--phone\" data-required=\"1\" aria-required=\"true\" autocomplete=\"off\" data-national_mode=\"disabled\" data-country=\"US\" data-validation=\"international\" \/><\/div><\/div><\/div><\/div><button class=\"forminator-button forminator-pagination-submit\" style=\"display: none;\" disabled>Envoyer un message<\/button><\/div><input type=\"hidden\" name=\"referer_url\" value=\"\" \/><input type=\"hidden\" id=\"forminator_nonce\" name=\"forminator_nonce\" value=\"1e27f18415\" \/><input type=\"hidden\" name=\"_wp_http_referer\" value=\"\/fr\/wp-json\/wp\/v2\/pages\/10323\" \/><input type=\"hidden\" name=\"form_id\" value=\"10327\"><input type=\"hidden\" name=\"page_id\" value=\"10323\"><input type=\"hidden\" name=\"form_type\" value=\"default\"><input type=\"hidden\" name=\"current_url\" value=\"https:\/\/egyptknight.com\/fr\/custom-pacakage\/\"><input type=\"hidden\" name=\"render_id\" value=\"0\"><input type=\"hidden\" name=\"action\" value=\"forminator_submit_form_custom-forms\"><input type=\"hidden\" name=\"trp-form-language\" value=\"fr\"\/><\/form><\/div>\n\t\t\t\t\t\t<\/div>\n\t\t\t\t<\/div>\n\t\t\t\t\t<\/div>\n\t\t\t\t<\/div>\n\t\t\t\t<\/div>","protected":false},"excerpt":{"rendered":"<p>Cr\u00e9ez votre aventure id\u00e9ale\u00a0! R\u00e9pondez \u00e0 quelques questions et nous cr\u00e9erons une exp\u00e9rience de voyage sur mesure, rien que pour vous. Destinations de r\u00eave et activit\u00e9s palpitantes\u00a0: votre voyage id\u00e9al est \u00e0 port\u00e9e de clic\u00a0!<\/p>","protected":false},"author":1,"featured_media":0,"parent":0,"menu_order":0,"comment_status":"closed","ping_status":"closed","template":"","meta":{"footnotes":""},"class_list":["post-10323","page","type-page","status-publish","hentry"],"blocksy_meta":[],"_links":{"self":[{"href":"https:\/\/egyptknight.com\/fr\/wp-json\/wp\/v2\/pages\/10323","targetHints":{"allow":["GET"]}}],"collection":[{"href":"https:\/\/egyptknight.com\/fr\/wp-json\/wp\/v2\/pages"}],"about":[{"href":"https:\/\/egyptknight.com\/fr\/wp-json\/wp\/v2\/types\/page"}],"author":[{"embeddable":true,"href":"https:\/\/egyptknight.com\/fr\/wp-json\/wp\/v2\/users\/1"}],"replies":[{"embeddable":true,"href":"https:\/\/egyptknight.com\/fr\/wp-json\/wp\/v2\/comments?post=10323"}],"version-history":[{"count":27,"href":"https:\/\/egyptknight.com\/fr\/wp-json\/wp\/v2\/pages\/10323\/revisions"}],"predecessor-version":[{"id":10826,"href":"https:\/\/egyptknight.com\/fr\/wp-json\/wp\/v2\/pages\/10323\/revisions\/10826"}],"wp:attachment":[{"href":"https:\/\/egyptknight.com\/fr\/wp-json\/wp\/v2\/media?parent=10323"}],"curies":[{"name":"wp","href":"https:\/\/api.w.org\/{rel}","templated":true}]}}