{"id":11,"date":"2024-09-08T13:47:29","date_gmt":"2024-09-08T13:47:29","guid":{"rendered":"https:\/\/egyptknight.com\/new\/?page_id=11"},"modified":"2025-01-17T03:58:55","modified_gmt":"2025-01-17T03:58:55","slug":"cart","status":"publish","type":"page","link":"https:\/\/egyptknight.com\/fr\/cart\/","title":{"rendered":"Panier"},"content":{"rendered":"<div data-elementor-type=\"wp-page\" data-elementor-id=\"11\" class=\"elementor elementor-11\">\n\t\t\t\t<div class=\"elementor-element elementor-element-6eb3ef3e e-flex e-con-boxed e-con e-parent\" data-id=\"6eb3ef3e\" data-element_type=\"container\" data-e-type=\"container\">\n\t\t\t\t\t<div class=\"e-con-inner\">\n\t\t\t\t<div class=\"elementor-element elementor-element-28a3b124 elementor-widget elementor-widget-text-editor\" data-id=\"28a3b124\" data-element_type=\"widget\" data-e-type=\"widget\" data-widget_type=\"text-editor.default\">\n\t\t\t\t<div class=\"elementor-widget-container\">\n\t\t\t\t\t\t\t\t\t\n<div data-block-name=\"woocommerce\/cart\" class=\"wp-block-woocommerce-cart alignwide is-loading\">\n<div data-block-name=\"woocommerce\/filled-cart-block\" class=\"wp-block-woocommerce-filled-cart-block\">\n<div data-block-name=\"woocommerce\/cart-items-block\" class=\"wp-block-woocommerce-cart-items-block\">\n<div data-block-name=\"woocommerce\/cart-line-items-block\" class=\"wp-block-woocommerce-cart-line-items-block\">\u00a0<\/div>\n\n<div data-block-name=\"woocommerce\/cart-cross-sells-block\" class=\"wp-block-woocommerce-cart-cross-sells-block\">\n<h2 class=\"wp-block-heading has-large-font-size\">Vous voudrez peut-\u00eatre essayer\u2026<\/h2>\n\n<div data-block-name=\"woocommerce\/cart-cross-sells-products-block\" class=\"wp-block-woocommerce-cart-cross-sells-products-block\">\u00a0<\/div>\n<\/div>\n<\/div>\n\n<div data-block-name=\"woocommerce\/cart-totals-block\" class=\"wp-block-woocommerce-cart-totals-block\">\n<div data-block-name=\"woocommerce\/cart-order-summary-block\" class=\"wp-block-woocommerce-cart-order-summary-block\">\n<div data-block-name=\"woocommerce\/cart-order-summary-heading-block\" class=\"wp-block-woocommerce-cart-order-summary-heading-block\">\u00a0<\/div><div data-block-name=\"woocommerce\/cart-order-summary-coupon-form-block\" class=\"wp-block-woocommerce-cart-order-summary-coupon-form-block\">\u00a0<\/div><div data-block-name=\"woocommerce\/cart-order-summary-totals-block\" class=\"wp-block-woocommerce-cart-order-summary-totals-block\">\n<div data-block-name=\"woocommerce\/cart-order-summary-subtotal-block\" class=\"wp-block-woocommerce-cart-order-summary-subtotal-block\">\u00a0<\/div>\n<div data-block-name=\"woocommerce\/cart-order-summary-discount-block\" class=\"wp-block-woocommerce-cart-order-summary-discount-block\">\u00a0<\/div>\n<div data-block-name=\"woocommerce\/cart-order-summary-fee-block\" class=\"wp-block-woocommerce-cart-order-summary-fee-block\">\u00a0<\/div>\n<div data-block-name=\"woocommerce\/cart-order-summary-shipping-block\" class=\"wp-block-woocommerce-cart-order-summary-shipping-block\">\u00a0<\/div>\n<div data-block-name=\"woocommerce\/cart-order-summary-taxes-block\" class=\"wp-block-woocommerce-cart-order-summary-taxes-block\">\u00a0<\/div><\/div>\n<\/div>\n\n<div data-block-name=\"woocommerce\/cart-express-payment-block\" class=\"wp-block-woocommerce-cart-express-payment-block\">\u00a0<\/div>\n\n<div data-block-name=\"woocommerce\/proceed-to-checkout-block\" class=\"wp-block-woocommerce-proceed-to-checkout-block\">\u00a0<\/div>\n\n<div data-block-name=\"woocommerce\/cart-accepted-payment-methods-block\" class=\"wp-block-woocommerce-cart-accepted-payment-methods-block\">\u00a0<\/div>\n<\/div>\n<\/div>\n\n<div data-block-name=\"woocommerce\/empty-cart-block\" class=\"wp-block-woocommerce-empty-cart-block\">\n<h2 class=\"wp-block-heading has-text-align-center with-empty-cart-icon wc-block-cart__empty-cart__title\">..mmm Votre panier est actuellement vide !<\/h2>\n<hr class=\"wp-block-separator has-alpha-channel-opacity is-style-dots\" \/>\n<h2 class=\"wp-block-heading has-text-align-center\">Nouveau en magasin<\/h2>\n<div data-block-name=\"woocommerce\/product-new\" data-columns=\"4\" data-rows=\"1\" class=\"wc-block-grid wp-block-product-new wp-block-woocommerce-product-new wc-block-product-new has-4-columns\"><ul class=\"wc-block-grid__products\"><li class=\"wc-block-grid__product\">\n\t\t\t\t<a href=\"https:\/\/egyptknight.com\/fr\/produit\/cairo-holiday-package-2-days-1-night-cairo-holidays\/\" class=\"wc-block-grid__product-link\">\n\t\t\t\t\t\n\t\t\t\t\t<div class=\"wc-block-grid__product-image\"><img fetchpriority=\"high\" decoding=\"async\" width=\"300\" height=\"300\" src=\"https:\/\/egyptknight.com\/wp-content\/uploads\/2024\/09\/4548-300x300.jpg\" class=\"attachment-woocommerce_thumbnail size-woocommerce_thumbnail\" alt=\"CAIRO HOLIDAY PACKAGE \u2013 2 DAYS 1 NIGHT | CAIRO HOLIDAYS\" srcset=\"https:\/\/egyptknight.com\/wp-content\/uploads\/2024\/09\/4548-300x300.jpg 300w, https:\/\/egyptknight.com\/wp-content\/uploads\/2024\/09\/4548-100x100.jpg 100w, https:\/\/egyptknight.com\/wp-content\/uploads\/2024\/09\/4548-150x150.jpg 150w, https:\/\/egyptknight.com\/wp-content\/uploads\/2024\/09\/4548-636x636.jpg 636w, https:\/\/egyptknight.com\/wp-content\/uploads\/2024\/09\/4548-306x306.jpg 306w\" sizes=\"(max-width: 300px) 100vw, 300px\" \/><\/div>\n\t\t\t\t\t<div class=\"wc-block-grid__product-title\">FORFAIT VACANCES AU CAIRE \u2013 2 JOURS 1 NUIT | VACANCES AU CAIRE<\/div>\n\t\t\t\t<\/a>\n\t\t\t\t<div class=\"wc-block-grid__product-price price\"><span class=\"woocommerce-Price-amount amount\"><span class=\"woocommerce-Price-currencySymbol\">&#036;<\/span>225,00<\/span><\/div>\n\t\t\t\t\n\t\t\t\t<div class=\"wp-block-button wc-block-grid__product-add-to-cart\"><a href=\"\/fr\/wp-json\/wp\/v2\/pages\/11?add-to-cart=9781\" aria-label=\"Ajouter au panier\u00a0: \u201cCAIRO HOLIDAY PACKAGE \u2013 2 DAYS 1 NIGHT | CAIRO HOLIDAYS\u201d\" data-quantity=\"1\" data-product_id=\"9781\" data-product_sku=\"\" data-price=\"225\" rel=\"nofollow\" class=\"wp-block-button__link  add_to_cart_button ajax_add_to_cart\" data-no-translation=\"\" data-trp-gettext=\"\" data-no-translation-aria-label=\"\">Ajouter au panier<\/a><\/div>\n\t\t\t<\/li><li class=\"wc-block-grid__product\">\n\t\t\t\t<a href=\"https:\/\/egyptknight.com\/fr\/produit\/lake-naser-adventure\/\" class=\"wc-block-grid__product-link\">\n\t\t\t\t\t\n\t\t\t\t\t<div class=\"wc-block-grid__product-image\"><img decoding=\"async\" width=\"300\" height=\"300\" src=\"https:\/\/egyptknight.com\/wp-content\/uploads\/2024\/09\/b6895b949a6b1d15c6f765952e8ce9b9-300x300.jpg\" class=\"attachment-woocommerce_thumbnail size-woocommerce_thumbnail\" alt=\"Lake Naser adventure\" srcset=\"https:\/\/egyptknight.com\/wp-content\/uploads\/2024\/09\/b6895b949a6b1d15c6f765952e8ce9b9-300x300.jpg 300w, https:\/\/egyptknight.com\/wp-content\/uploads\/2024\/09\/b6895b949a6b1d15c6f765952e8ce9b9-100x100.jpg 100w, https:\/\/egyptknight.com\/wp-content\/uploads\/2024\/09\/b6895b949a6b1d15c6f765952e8ce9b9-150x150.jpg 150w, https:\/\/egyptknight.com\/wp-content\/uploads\/2024\/09\/b6895b949a6b1d15c6f765952e8ce9b9-636x636.jpg 636w, https:\/\/egyptknight.com\/wp-content\/uploads\/2024\/09\/b6895b949a6b1d15c6f765952e8ce9b9-306x306.jpg 306w\" sizes=\"(max-width: 300px) 100vw, 300px\" \/><\/div>\n\t\t\t\t\t<div class=\"wc-block-grid__product-title\">Aventure au lac Naser<\/div>\n\t\t\t\t<\/a>\n\t\t\t\t<div class=\"wc-block-grid__product-price price\"><span class=\"woocommerce-Price-amount amount\"><span class=\"woocommerce-Price-currencySymbol\">&#036;<\/span>650,00<\/span><\/div>\n\t\t\t\t\n\t\t\t\t<div class=\"wp-block-button wc-block-grid__product-add-to-cart\"><a href=\"\/fr\/wp-json\/wp\/v2\/pages\/11?add-to-cart=9698\" aria-label=\"Ajouter au panier\u00a0: \u201cLake Naser adventure\u201d\" data-quantity=\"1\" data-product_id=\"9698\" data-product_sku=\"\" data-price=\"650\" rel=\"nofollow\" class=\"wp-block-button__link  add_to_cart_button ajax_add_to_cart\" data-no-translation=\"\" data-trp-gettext=\"\" data-no-translation-aria-label=\"\">Ajouter au panier<\/a><\/div>\n\t\t\t<\/li><li class=\"wc-block-grid__product\">\n\t\t\t\t<a href=\"https:\/\/egyptknight.com\/fr\/produit\/wadi-el-gemal-tours-in-marsa-alam\/\" class=\"wc-block-grid__product-link\">\n\t\t\t\t\t\n\t\t\t\t\t<div class=\"wc-block-grid__product-image\"><img decoding=\"async\" width=\"300\" height=\"300\" src=\"https:\/\/egyptknight.com\/wp-content\/uploads\/2024\/09\/Wadi-El-Gemal-Marsa--300x300.jpg\" class=\"attachment-woocommerce_thumbnail size-woocommerce_thumbnail\" alt=\"Wadi El Gemal Tours in Marsa Alam\" srcset=\"https:\/\/egyptknight.com\/wp-content\/uploads\/2024\/09\/Wadi-El-Gemal-Marsa--300x300.jpg 300w, https:\/\/egyptknight.com\/wp-content\/uploads\/2024\/09\/Wadi-El-Gemal-Marsa--100x100.jpg 100w, https:\/\/egyptknight.com\/wp-content\/uploads\/2024\/09\/Wadi-El-Gemal-Marsa--150x150.jpg 150w, https:\/\/egyptknight.com\/wp-content\/uploads\/2024\/09\/Wadi-El-Gemal-Marsa--636x636.jpg 636w, https:\/\/egyptknight.com\/wp-content\/uploads\/2024\/09\/Wadi-El-Gemal-Marsa--306x306.jpg 306w\" sizes=\"(max-width: 300px) 100vw, 300px\" \/><\/div>\n\t\t\t\t\t<div class=\"wc-block-grid__product-title\">Visites de Wadi El Gemal \u00e0 Marsa Alam<\/div>\n\t\t\t\t<\/a>\n\t\t\t\t<div class=\"wc-block-grid__product-price price\"><span class=\"woocommerce-Price-amount amount\"><span class=\"woocommerce-Price-currencySymbol\">&#036;<\/span>150,00<\/span><\/div>\n\t\t\t\t\n\t\t\t\t<div class=\"wp-block-button wc-block-grid__product-add-to-cart\"><a href=\"\/fr\/wp-json\/wp\/v2\/pages\/11?add-to-cart=9622\" aria-label=\"Ajouter au panier\u00a0: \u201cWadi El Gemal Tours in Marsa Alam\u201d\" data-quantity=\"1\" data-product_id=\"9622\" data-product_sku=\"\" data-price=\"150\" rel=\"nofollow\" class=\"wp-block-button__link  add_to_cart_button ajax_add_to_cart\" data-no-translation=\"\" data-trp-gettext=\"\" data-no-translation-aria-label=\"\">Ajouter au panier<\/a><\/div>\n\t\t\t<\/li><li class=\"wc-block-grid__product\">\n\t\t\t\t<a href=\"https:\/\/egyptknight.com\/fr\/produit\/private-spiritual-day-tour-to-dandara-abydos\/\" class=\"wc-block-grid__product-link\">\n\t\t\t\t\t\n\t\t\t\t\t<div class=\"wc-block-grid__product-image\"><img loading=\"lazy\" decoding=\"async\" width=\"300\" height=\"300\" src=\"https:\/\/egyptknight.com\/wp-content\/uploads\/2024\/09\/Abydos-Temple-In-Egypt-1536x1024-1-300x300.jpg\" class=\"attachment-woocommerce_thumbnail size-woocommerce_thumbnail\" alt=\"PRIVATE SPIRITUAL DAY TOUR TO DANDARA &amp; ABYDOS\" srcset=\"https:\/\/egyptknight.com\/wp-content\/uploads\/2024\/09\/Abydos-Temple-In-Egypt-1536x1024-1-300x300.jpg 300w, https:\/\/egyptknight.com\/wp-content\/uploads\/2024\/09\/Abydos-Temple-In-Egypt-1536x1024-1-100x100.jpg 100w, https:\/\/egyptknight.com\/wp-content\/uploads\/2024\/09\/Abydos-Temple-In-Egypt-1536x1024-1-150x150.jpg 150w, https:\/\/egyptknight.com\/wp-content\/uploads\/2024\/09\/Abydos-Temple-In-Egypt-1536x1024-1-636x636.jpg 636w, https:\/\/egyptknight.com\/wp-content\/uploads\/2024\/09\/Abydos-Temple-In-Egypt-1536x1024-1-306x306.jpg 306w\" sizes=\"(max-width: 300px) 100vw, 300px\" \/><\/div>\n\t\t\t\t\t<div class=\"wc-block-grid__product-title\">VISITE SPIRITUELLE PRIV\u00c9E D&#039;UNE JOURN\u00c9E \u00c0 DANDARA ET ABYDOS<\/div>\n\t\t\t\t<\/a>\n\t\t\t\t<div class=\"wc-block-grid__product-price price\"><span class=\"woocommerce-Price-amount amount\"><span class=\"woocommerce-Price-currencySymbol\">&#036;<\/span>110,00<\/span><\/div>\n\t\t\t\t\n\t\t\t\t<div class=\"wp-block-button wc-block-grid__product-add-to-cart\"><a href=\"\/fr\/wp-json\/wp\/v2\/pages\/11?add-to-cart=9533\" aria-label=\"Ajouter au panier\u00a0: \u201cPRIVATE SPIRITUAL DAY TOUR TO DANDARA &amp; ABYDOS\u201d\" data-quantity=\"1\" data-product_id=\"9533\" data-product_sku=\"\" data-price=\"110\" rel=\"nofollow\" class=\"wp-block-button__link  add_to_cart_button ajax_add_to_cart\" data-no-translation=\"\" data-trp-gettext=\"\" data-no-translation-aria-label=\"\">Ajouter au panier<\/a><\/div>\n\t\t\t<\/li><\/ul><\/div><\/div>\n<\/div>\n\t\t\t\t\t\t\t\t<\/div>\n\t\t\t\t<\/div>\n\t\t\t\t\t<\/div>\n\t\t\t\t<\/div>\n\t\t\t\t<\/div>","protected":false},"excerpt":{"rendered":"","protected":false},"author":1,"featured_media":0,"parent":0,"menu_order":0,"comment_status":"closed","ping_status":"closed","template":"","meta":{"footnotes":""},"class_list":["post-11","page","type-page","status-publish","hentry"],"blocksy_meta":[],"_links":{"self":[{"href":"https:\/\/egyptknight.com\/fr\/wp-json\/wp\/v2\/pages\/11","targetHints":{"allow":["GET"]}}],"collection":[{"href":"https:\/\/egyptknight.com\/fr\/wp-json\/wp\/v2\/pages"}],"about":[{"href":"https:\/\/egyptknight.com\/fr\/wp-json\/wp\/v2\/types\/page"}],"author":[{"embeddable":true,"href":"https:\/\/egyptknight.com\/fr\/wp-json\/wp\/v2\/users\/1"}],"replies":[{"embeddable":true,"href":"https:\/\/egyptknight.com\/fr\/wp-json\/wp\/v2\/comments?post=11"}],"version-history":[{"count":7,"href":"https:\/\/egyptknight.com\/fr\/wp-json\/wp\/v2\/pages\/11\/revisions"}],"predecessor-version":[{"id":10055,"href":"https:\/\/egyptknight.com\/fr\/wp-json\/wp\/v2\/pages\/11\/revisions\/10055"}],"wp:attachment":[{"href":"https:\/\/egyptknight.com\/fr\/wp-json\/wp\/v2\/media?parent=11"}],"curies":[{"name":"wp","href":"https:\/\/api.w.org\/{rel}","templated":true}]}}