{"id":9533,"date":"2024-09-09T12:29:43","date_gmt":"2024-09-09T12:29:43","guid":{"rendered":"https:\/\/egyptknight.com\/new\/?post_type=product&#038;p=9533"},"modified":"2025-03-06T17:54:51","modified_gmt":"2025-03-06T17:54:51","slug":"private-spiritual-day-tour-to-dandara-abydos","status":"publish","type":"product","link":"https:\/\/egyptknight.com\/fr\/produit\/private-spiritual-day-tour-to-dandara-abydos\/","title":{"rendered":"VISITE SPIRITUELLE PRIV\u00c9E D&#039;UNE JOURN\u00c9E \u00c0 DANDARA ET ABYDOS"},"content":{"rendered":"<h1>Aper\u00e7u<\/h1>\n<p>D\u00e9couvrez les temples sacr\u00e9s de Dendara et d&#039;Abydos, deux des centres spirituels les plus importants du pays des pharaons. Cette visite priv\u00e9e offre une exp\u00e9rience personnalis\u00e9e, vous permettant d&#039;explorer ces sites impressionnants \u00e0 votre rythme. \u00c9merveillez-vous devant le temple d&#039;Hathor, d\u00e9di\u00e9 \u00e0 la d\u00e9esse de l&#039;amour, de la musique et de la gu\u00e9rison. D\u00e9couvrez les myst\u00e8res d&#039;Abydos, l&#039;ancien lieu de s\u00e9pulture du dieu Osiris et un lieu de p\u00e8lerinage sacr\u00e9 pour les \u00c9gyptiens. Visitez le tombeau d&#039;Osiris, l&#039;une des figures les plus importantes de la mythologie \u00e9gyptienne. Apprenez-en plus sur la riche histoire et le symbolisme des inscriptions hi\u00e9roglyphiques trouv\u00e9es dans les temples. Profitez d&#039;une visite priv\u00e9e adapt\u00e9e \u00e0 vos int\u00e9r\u00eats, guid\u00e9e par un \u00e9gyptologue exp\u00e9riment\u00e9. Voyagez confortablement avec un transport priv\u00e9 climatis\u00e9 et b\u00e9n\u00e9ficiez d&#039;une prise en charge et d&#039;un retour \u00e0 l&#039;h\u00f4tel sans tracas.<\/p>","protected":false},"excerpt":{"rendered":"<p>Pr\u00e9sentation D\u00e9couvrez les temples sacr\u00e9s de Dendara et d&#039;Abydos, deux des centres spirituels les plus importants du pays des pharaons. Cette visite priv\u00e9e offre une exp\u00e9rience personnalis\u00e9e, vous permettant d&#039;explorer ces sites impressionnants \u00e0 votre rythme. \u00c9merveillez-vous devant le temple d&#039;Hathor, d\u00e9di\u00e9 \u00e0 la d\u00e9esse de l&#039;amour, de la musique et de la gu\u00e9rison.<\/p>","protected":false},"featured_media":9538,"comment_status":"open","ping_status":"closed","template":"","meta":[],"product_brand":[],"product_cat":[46],"product_tag":[],"class_list":{"0":"post-9533","1":"product","2":"type-product","3":"status-publish","4":"has-post-thumbnail","6":"product_cat-temple","8":"first","9":"instock","10":"shipping-taxable","11":"purchasable","12":"product-type-simple"},"_links":{"self":[{"href":"https:\/\/egyptknight.com\/fr\/wp-json\/wp\/v2\/product\/9533","targetHints":{"allow":["GET"]}}],"collection":[{"href":"https:\/\/egyptknight.com\/fr\/wp-json\/wp\/v2\/product"}],"about":[{"href":"https:\/\/egyptknight.com\/fr\/wp-json\/wp\/v2\/types\/product"}],"replies":[{"embeddable":true,"href":"https:\/\/egyptknight.com\/fr\/wp-json\/wp\/v2\/comments?post=9533"}],"wp:featuredmedia":[{"embeddable":true,"href":"https:\/\/egyptknight.com\/fr\/wp-json\/wp\/v2\/media\/9538"}],"wp:attachment":[{"href":"https:\/\/egyptknight.com\/fr\/wp-json\/wp\/v2\/media?parent=9533"}],"wp:term":[{"taxonomy":"product_brand","embeddable":true,"href":"https:\/\/egyptknight.com\/fr\/wp-json\/wp\/v2\/product_brand?post=9533"},{"taxonomy":"product_cat","embeddable":true,"href":"https:\/\/egyptknight.com\/fr\/wp-json\/wp\/v2\/product_cat?post=9533"},{"taxonomy":"product_tag","embeddable":true,"href":"https:\/\/egyptknight.com\/fr\/wp-json\/wp\/v2\/product_tag?post=9533"}],"curies":[{"name":"wp","href":"https:\/\/api.w.org\/{rel}","templated":true}]}}