{"id":9698,"date":"2024-09-10T10:04:28","date_gmt":"2024-09-10T10:04:28","guid":{"rendered":"https:\/\/egyptknight.com\/new\/?post_type=product&#038;p=9698"},"modified":"2025-03-06T17:54:23","modified_gmt":"2025-03-06T17:54:23","slug":"lake-naser-adventure","status":"publish","type":"product","link":"https:\/\/egyptknight.com\/fr\/produit\/lake-naser-adventure\/","title":{"rendered":"Aventure au lac Naser"},"content":{"rendered":"<h1>Aper\u00e7u<\/h1>\n<p>Imaginez-vous naviguer dans une vaste \u00e9tendue turquoise, entour\u00e9e de falaises de gr\u00e8s imposantes. Le lac Nasser, une merveille artificielle form\u00e9e par le haut barrage d&#039;Assouan, offre un m\u00e9lange unique de beaut\u00e9 naturelle et d&#039;importance historique. Embarquez pour une croisi\u00e8re aventure de 4 jours et d\u00e9couvrez les tr\u00e9sors cach\u00e9s de cette terre ancienne. Visitez les l\u00e9gendaires temples d&#039;Abou Simbel, creus\u00e9s dans la falaise et d\u00e9plac\u00e9s pour les prot\u00e9ger de la mont\u00e9e des eaux. \u00c9merveillez-vous devant les statues colossales de Rams\u00e8s II, t\u00e9moignage du pouvoir du pharaon et de sa d\u00e9votion aux dieux. D\u00e9couvrez des temples moins connus comme Kalabsha, Beit el-Wali et Amada, offrant une exp\u00e9rience plus intime et un aper\u00e7u de la vie \u00e9gyptienne antique. Explorez leurs sculptures complexes, leurs hi\u00e9roglyphes et leur architecture impressionnante. Profitez de la tranquillit\u00e9 du lac Nasser \u00e0 bord d&#039;un bateau de croisi\u00e8re confortable. Profitez du soleil sur le pont, faites une baignade rafra\u00eechissante ou d\u00e9tendez-vous simplement en glissant sur les eaux sereines. Interagissez avec les habitants chaleureux, d\u00e9couvrez leurs traditions et savourez la d\u00e9licieuse cuisine \u00e9gyptienne. Visitez les villages nubiens voisins, connus pour leurs couleurs vives, leur artisanat unique et leur hospitalit\u00e9 chaleureuse.<\/p>","protected":false},"excerpt":{"rendered":"<p>Aper\u00e7u Imaginez une croisi\u00e8re \u00e0 travers une vaste \u00e9tendue turquoise, entour\u00e9e de falaises de gr\u00e8s imposantes. Le lac Nasser, une merveille artificielle form\u00e9e par le haut barrage d&#039;Assouan, offre un m\u00e9lange unique de beaut\u00e9 naturelle et d&#039;importance historique. Embarquez pour une croisi\u00e8re aventure de 4 jours et d\u00e9couvrez les tr\u00e9sors cach\u00e9s de cette terre ancienne. Visitez les l\u00e9gendaires temples d&#039;Abou Simbel,\u2026<\/p>","protected":false},"featured_media":9699,"comment_status":"open","ping_status":"closed","template":"","meta":[],"product_brand":[],"product_cat":[46],"product_tag":[],"class_list":{"0":"post-9698","1":"product","2":"type-product","3":"status-publish","4":"has-post-thumbnail","6":"product_cat-temple","8":"first","9":"instock","10":"shipping-taxable","11":"purchasable","12":"product-type-simple"},"_links":{"self":[{"href":"https:\/\/egyptknight.com\/fr\/wp-json\/wp\/v2\/product\/9698","targetHints":{"allow":["GET"]}}],"collection":[{"href":"https:\/\/egyptknight.com\/fr\/wp-json\/wp\/v2\/product"}],"about":[{"href":"https:\/\/egyptknight.com\/fr\/wp-json\/wp\/v2\/types\/product"}],"replies":[{"embeddable":true,"href":"https:\/\/egyptknight.com\/fr\/wp-json\/wp\/v2\/comments?post=9698"}],"wp:featuredmedia":[{"embeddable":true,"href":"https:\/\/egyptknight.com\/fr\/wp-json\/wp\/v2\/media\/9699"}],"wp:attachment":[{"href":"https:\/\/egyptknight.com\/fr\/wp-json\/wp\/v2\/media?parent=9698"}],"wp:term":[{"taxonomy":"product_brand","embeddable":true,"href":"https:\/\/egyptknight.com\/fr\/wp-json\/wp\/v2\/product_brand?post=9698"},{"taxonomy":"product_cat","embeddable":true,"href":"https:\/\/egyptknight.com\/fr\/wp-json\/wp\/v2\/product_cat?post=9698"},{"taxonomy":"product_tag","embeddable":true,"href":"https:\/\/egyptknight.com\/fr\/wp-json\/wp\/v2\/product_tag?post=9698"}],"curies":[{"name":"wp","href":"https:\/\/api.w.org\/{rel}","templated":true}]}}