{"id":9781,"date":"2024-09-11T01:35:40","date_gmt":"2024-09-11T01:35:40","guid":{"rendered":"https:\/\/egyptknight.com\/new\/?post_type=product&#038;p=9781"},"modified":"2025-03-06T17:54:02","modified_gmt":"2025-03-06T17:54:02","slug":"cairo-holiday-package-2-days-1-night-cairo-holidays","status":"publish","type":"product","link":"https:\/\/egyptknight.com\/fr\/produit\/cairo-holiday-package-2-days-1-night-cairo-holidays\/","title":{"rendered":"FORFAIT VACANCES AU CAIRE \u2013 2 JOURS 1 NUIT | VACANCES AU CAIRE"},"content":{"rendered":"<h1>Aper\u00e7u<\/h1>\n<p>D\u00e9couvrez la magie du Caire avec notre forfait de 2 jours et 1 nuit. Explorez des sites embl\u00e9matiques comme les pyramides de Gizeh, \u00e9merveillez-vous devant les tr\u00e9sors du mus\u00e9e \u00e9gyptien, promenez-vous dans le bazar anim\u00e9 de Khan el-Khalili et plongez dans le riche patrimoine chr\u00e9tien de la ville du Caire copte. Notre forfait comprend un h\u00e9bergement confortable, des visites guid\u00e9es priv\u00e9es, tous les frais d&#039;entr\u00e9e, les transferts a\u00e9roport et l&#039;eau en bouteille.<\/p>","protected":false},"excerpt":{"rendered":"<p>Pr\u00e9sentation D\u00e9couvrez la magie du Caire avec notre forfait de 2 jours et 1 nuit. Explorez des sites embl\u00e9matiques comme les pyramides de Gizeh, \u00e9merveillez-vous devant les tr\u00e9sors du mus\u00e9e \u00e9gyptien, promenez-vous dans le vibrant bazar Khan el-Khalili et plongez dans le riche patrimoine chr\u00e9tien de la ville du Caire copte. Notre forfait comprend un h\u00e9bergement confortable, des visites guid\u00e9es priv\u00e9es, toutes les entr\u00e9es\u2026<\/p>","protected":false},"featured_media":9512,"comment_status":"open","ping_status":"closed","template":"","meta":[],"product_brand":[],"product_cat":[46],"product_tag":[],"class_list":{"0":"post-9781","1":"product","2":"type-product","3":"status-publish","4":"has-post-thumbnail","6":"product_cat-temple","8":"first","9":"instock","10":"shipping-taxable","11":"purchasable","12":"product-type-simple"},"_links":{"self":[{"href":"https:\/\/egyptknight.com\/fr\/wp-json\/wp\/v2\/product\/9781","targetHints":{"allow":["GET"]}}],"collection":[{"href":"https:\/\/egyptknight.com\/fr\/wp-json\/wp\/v2\/product"}],"about":[{"href":"https:\/\/egyptknight.com\/fr\/wp-json\/wp\/v2\/types\/product"}],"replies":[{"embeddable":true,"href":"https:\/\/egyptknight.com\/fr\/wp-json\/wp\/v2\/comments?post=9781"}],"wp:featuredmedia":[{"embeddable":true,"href":"https:\/\/egyptknight.com\/fr\/wp-json\/wp\/v2\/media\/9512"}],"wp:attachment":[{"href":"https:\/\/egyptknight.com\/fr\/wp-json\/wp\/v2\/media?parent=9781"}],"wp:term":[{"taxonomy":"product_brand","embeddable":true,"href":"https:\/\/egyptknight.com\/fr\/wp-json\/wp\/v2\/product_brand?post=9781"},{"taxonomy":"product_cat","embeddable":true,"href":"https:\/\/egyptknight.com\/fr\/wp-json\/wp\/v2\/product_cat?post=9781"},{"taxonomy":"product_tag","embeddable":true,"href":"https:\/\/egyptknight.com\/fr\/wp-json\/wp\/v2\/product_tag?post=9781"}],"curies":[{"name":"wp","href":"https:\/\/api.w.org\/{rel}","templated":true}]}}